{"id":503,"date":"2025-02-06T14:48:00","date_gmt":"2025-02-06T14:48:00","guid":{"rendered":"https:\/\/towntown.ai\/?page_id=503"},"modified":"2025-02-06T15:11:47","modified_gmt":"2025-02-06T15:11:47","slug":"politique-de-confidentialite","status":"publish","type":"page","link":"https:\/\/towntown.ai\/?page_id=503","title":{"rendered":"Politique de confidentialit\u00e9"},"content":{"rendered":"\t\t<div data-elementor-type=\"wp-page\" data-elementor-id=\"503\" class=\"elementor elementor-503\" data-elementor-post-type=\"page\">\n\t\t\t\t<div class=\"elementor-element elementor-element-24c8cc0 e-flex e-con-boxed e-con e-parent\" data-id=\"24c8cc0\" data-element_type=\"container\">\n\t\t\t\t\t<div class=\"e-con-inner\">\n\t\t\t\t<div class=\"elementor-element elementor-element-62395b4 elementor-widget elementor-widget-text-editor\" data-id=\"62395b4\" data-element_type=\"widget\" data-widget_type=\"text-editor.default\">\n\t\t\t\t<div class=\"elementor-widget-container\">\n\t\t\t\t\t\t\t\t\t<div><div>Les serveurs web des sites internet de GOD SAVE THE LINK recueillent automatiquement aupr\u00e8s des utilisateurs des sites (ci-apr\u00e8s d\u00e9sign\u00e9s par \u00ab les sites \u00bb) les informations relatives \u00e0 l\u2019utilisation de ces derniers (ainsi que certaines autres informations comme le type de navigateur utilis\u00e9 et le syst\u00e8me d\u2019exploitation).<\/div><br \/><div>Les sites peuvent \u00e9galement suivre l\u2019utilisation faite par l\u2019utilisateur, mesurer l\u2019activit\u00e9 g\u00e9n\u00e9rale des sites, analyser et apporter des am\u00e9liorations, et interpr\u00e9ter sans les divulguer les statistiques cumul\u00e9es sur le nombre d\u2019utilisateurs. Les sites internet de GOD SAVE THE LINK peuvent utiliser des cookies pour enregistrer l\u2019activit\u00e9 des sites afin de g\u00e9rer plus efficacement les ces derniers et d\u2019en am\u00e9liorer votre utilisation. Les cookies sont de petits fichiers textes envoy\u00e9s et stock\u00e9s dans votre ordinateur qui permettent aux serveurs Web de reconna\u00eetre les habitudes des utilisateurs, leur faciliter l\u2019acc\u00e8s aux sites de GOD SAVE THE LINK, et permettre ces derniers de compiler des donn\u00e9es globales qui permettront d\u2019am\u00e9liorer leur contenu. Les cookies n\u2019endommagent ni les ordinateurs ni les fichiers. Les cookies en eux-m\u00eames ne peuvent servir \u00e0 d\u00e9couvrir l\u2019identit\u00e9 de l\u2019utilisateur. Si vous ne souhaitez pas que les sites de GOD SAVE THE LINK aient acc\u00e8s aux cookies, votre navigateur vous permet de refuser ou de d\u00e9sactiver l\u2019utilisation de cookies ; toutefois, veuillez noter que les cookies peuvent \u00eatre n\u00e9cessaires pour permettre aux sites d\u2019am\u00e9liorer votre utilisation de ces derniers. Les fonctionnalit\u00e9s de chaque navigateur \u00e9tant diff\u00e9rentes, le paragraphe suivant vous donnera de plus amples informations sur la fa\u00e7on de refuser ou de d\u00e9sactiver l\u2019utilisation de cookies.<\/div><br \/><div>Comment g\u00e9rer vos cookies Vous disposez de plusieurs options pour supprimer les cookies. En effet, si la plupart des navigateurs sont param\u00e9tr\u00e9s par d\u00e9faut et acceptent l\u2019installation de cookies, vous avez la possibilit\u00e9, si vous le souhaitez, de choisir d\u2019accepter tous les cookies, ou de les rejeter syst\u00e9matiquement ou encore de choisir ceux que vous acceptez selon l\u2019\u00e9metteur. Vous pouvez \u00e9galement param\u00e9trer votre navigateur pour accepter ou refuser au cas par cas les cookies pr\u00e9alablement \u00e0 leur installation. Vous pouvez \u00e9galement r\u00e9guli\u00e8rement supprimer les cookies de votre terminal via votre navigateur. Pour la gestion des cookies et de vos choix, la configuration de chaque navigateur est diff\u00e9rente. Elle est d\u00e9crite dans le menu d\u2019aide de votre navigateur, qui vous permettra de savoir de quelle mani\u00e8re modifier vos souhaits en mati\u00e8re de cookies. A titre d\u2019exemple :<\/div><br \/><div>pour Internet Explorer\u2122 :<\/div><br \/><div><a href=\"http:\/\/windows.microsoft.com\/fr-fr\/windows7\/block-enable-or-allow-cookies\">http:\/\/windows.microsoft.com\/fr-fr\/windows7\/block-enable-or-allow-cookies<\/a><\/div><br \/><div>pour Safari\u2122 :<\/div><br \/><div><a href=\"https:\/\/support.apple.com\/fr-fr\/guide\/safari\/sfri11471\/mac\">https:\/\/support.apple.com\/fr-fr\/guide\/safari\/sfri11471\/mac<\/a><\/div><br \/><div>pour Chrome\u2122:<\/div><br \/><div><a href=\"http:\/\/support.google.com\/chrome\/bin\/answer.py?hl=fr&amp;hlrm=en&amp;answer=95647\">http:\/\/support.google.com\/chrome\/bin\/answer.py?hl=fr&amp;hlrm=en&amp;answer=95647<\/a><\/div><br \/><div>pour Firefox\u2122:<\/div><br \/><div><a href=\"http:\/\/support.mozilla.org\/fr\/kb\/Activer%20et%20d%C3%A9sactiver%20les%20cookies\">http:\/\/support.mozilla.org\/fr\/kb\/Activer%20et%20d%C3%A9sactiver%20les%20cookies<\/a><\/div><br \/><div>pour Opera\u2122:<\/div><br \/><div><a href=\"http:\/\/help.opera.com\/Windows\/10.20\/fr\/cookies.html\">http:\/\/help.opera.com\/Windows\/10.20\/fr\/cookies.html<\/a><\/div><br \/><div>Cependant, si vous param\u00e9trez votre navigateur pour refuser les cookies ou que vous refusez l\u2019installation d\u2019un cookie, une telle d\u00e9sactivation pourrait emp\u00eacher l\u2019utilisation de certaines fonctionnalit\u00e9s des sites de GOD SAVE THE LINK ou entra\u00eener l\u2019impossibilit\u00e9 d\u2019acc\u00e9der \u00e0 certains services, ce dont nous ne saurions \u00eatre responsables. Nous remercions les utilisateurs du site de nous faire part d\u2019\u00e9ventuelles omissions, erreurs, ou corrections, en utilisant notre formulaire de contact.<\/div><\/div>\t\t\t\t\t\t\t\t<\/div>\n\t\t\t\t<\/div>\n\t\t\t\t\t<\/div>\n\t\t\t\t<\/div>\n\t\t\t\t<\/div>\n\t\t","protected":false},"excerpt":{"rendered":"<p>Les serveurs web des sites internet de GOD SAVE THE LINK recueillent automatiquement aupr\u00e8s des utilisateurs des sites (ci-apr\u00e8s d\u00e9sign\u00e9s par \u00ab les sites \u00bb) les informations relatives \u00e0 l\u2019utilisation de ces derniers (ainsi que certaines autres informations comme le type de navigateur utilis\u00e9 et le syst\u00e8me d\u2019exploitation).Les sites peuvent \u00e9galement suivre l\u2019utilisation faite par [&hellip;]<\/p>\n","protected":false},"author":1,"featured_media":0,"parent":0,"menu_order":0,"comment_status":"closed","ping_status":"closed","template":"","meta":{"footnotes":""},"class_list":["post-503","page","type-page","status-publish","hentry"],"yoast_head":"<!-- This site is optimized with the Yoast SEO plugin v26.6 - https:\/\/yoast.com\/wordpress\/plugins\/seo\/ -->\n<title>Politique de confidentialit\u00e9 - TownTown.ai<\/title>\n<meta name=\"robots\" content=\"index, follow, max-snippet:-1, max-image-preview:large, max-video-preview:-1\" \/>\n<link rel=\"canonical\" href=\"https:\/\/towntown.ai\/?page_id=503\" \/>\n<meta property=\"og:locale\" content=\"fr_FR\" \/>\n<meta property=\"og:type\" content=\"article\" \/>\n<meta property=\"og:title\" content=\"Politique de confidentialit\u00e9 - TownTown.ai\" \/>\n<meta property=\"og:description\" content=\"Les serveurs web des sites internet de GOD SAVE THE LINK recueillent automatiquement aupr\u00e8s des utilisateurs des sites (ci-apr\u00e8s d\u00e9sign\u00e9s par \u00ab les sites \u00bb) les informations relatives \u00e0 l\u2019utilisation de ces derniers (ainsi que certaines autres informations comme le type de navigateur utilis\u00e9 et le syst\u00e8me d\u2019exploitation).Les sites peuvent \u00e9galement suivre l\u2019utilisation faite par [&hellip;]\" \/>\n<meta property=\"og:url\" content=\"https:\/\/towntown.ai\/?page_id=503\" \/>\n<meta property=\"og:site_name\" content=\"TownTown.ai\" \/>\n<meta property=\"article:modified_time\" content=\"2025-02-06T15:11:47+00:00\" \/>\n<meta name=\"twitter:card\" content=\"summary_large_image\" \/>\n<meta name=\"twitter:label1\" content=\"Dur\u00e9e de lecture estim\u00e9e\" \/>\n\t<meta name=\"twitter:data1\" content=\"3 minutes\" \/>\n<script type=\"application\/ld+json\" class=\"yoast-schema-graph\">{\"@context\":\"https:\/\/schema.org\",\"@graph\":[{\"@type\":\"WebPage\",\"@id\":\"https:\/\/towntown.ai\/?page_id=503\",\"url\":\"https:\/\/towntown.ai\/?page_id=503\",\"name\":\"Politique de confidentialit\u00e9 - TownTown.ai\",\"isPartOf\":{\"@id\":\"https:\/\/towntown.ai\/#website\"},\"datePublished\":\"2025-02-06T14:48:00+00:00\",\"dateModified\":\"2025-02-06T15:11:47+00:00\",\"breadcrumb\":{\"@id\":\"https:\/\/towntown.ai\/?page_id=503#breadcrumb\"},\"inLanguage\":\"fr-FR\",\"potentialAction\":[{\"@type\":\"ReadAction\",\"target\":[\"https:\/\/towntown.ai\/?page_id=503\"]}]},{\"@type\":\"BreadcrumbList\",\"@id\":\"https:\/\/towntown.ai\/?page_id=503#breadcrumb\",\"itemListElement\":[{\"@type\":\"ListItem\",\"position\":1,\"name\":\"Accueil\",\"item\":\"https:\/\/towntown.ai\/\"},{\"@type\":\"ListItem\",\"position\":2,\"name\":\"Politique de confidentialit\u00e9\"}]},{\"@type\":\"WebSite\",\"@id\":\"https:\/\/towntown.ai\/#website\",\"url\":\"https:\/\/towntown.ai\/\",\"name\":\"TownTown.ai\",\"description\":\"\",\"publisher\":{\"@id\":\"https:\/\/towntown.ai\/#organization\"},\"potentialAction\":[{\"@type\":\"SearchAction\",\"target\":{\"@type\":\"EntryPoint\",\"urlTemplate\":\"https:\/\/towntown.ai\/?s={search_term_string}\"},\"query-input\":{\"@type\":\"PropertyValueSpecification\",\"valueRequired\":true,\"valueName\":\"search_term_string\"}}],\"inLanguage\":\"fr-FR\"},{\"@type\":\"Organization\",\"@id\":\"https:\/\/towntown.ai\/#organization\",\"name\":\"TownTown.ai\",\"url\":\"https:\/\/towntown.ai\/\",\"logo\":{\"@type\":\"ImageObject\",\"inLanguage\":\"fr-FR\",\"@id\":\"https:\/\/towntown.ai\/#\/schema\/logo\/image\/\",\"url\":\"https:\/\/towntown.ai\/wp-content\/uploads\/2024\/12\/towntown-logo_HD.png\",\"contentUrl\":\"https:\/\/towntown.ai\/wp-content\/uploads\/2024\/12\/towntown-logo_HD.png\",\"width\":975,\"height\":97,\"caption\":\"TownTown.ai\"},\"image\":{\"@id\":\"https:\/\/towntown.ai\/#\/schema\/logo\/image\/\"}}]}<\/script>\n<!-- \/ Yoast SEO plugin. -->","yoast_head_json":{"title":"Politique de confidentialit\u00e9 - TownTown.ai","robots":{"index":"index","follow":"follow","max-snippet":"max-snippet:-1","max-image-preview":"max-image-preview:large","max-video-preview":"max-video-preview:-1"},"canonical":"https:\/\/towntown.ai\/?page_id=503","og_locale":"fr_FR","og_type":"article","og_title":"Politique de confidentialit\u00e9 - TownTown.ai","og_description":"Les serveurs web des sites internet de GOD SAVE THE LINK recueillent automatiquement aupr\u00e8s des utilisateurs des sites (ci-apr\u00e8s d\u00e9sign\u00e9s par \u00ab les sites \u00bb) les informations relatives \u00e0 l\u2019utilisation de ces derniers (ainsi que certaines autres informations comme le type de navigateur utilis\u00e9 et le syst\u00e8me d\u2019exploitation).Les sites peuvent \u00e9galement suivre l\u2019utilisation faite par [&hellip;]","og_url":"https:\/\/towntown.ai\/?page_id=503","og_site_name":"TownTown.ai","article_modified_time":"2025-02-06T15:11:47+00:00","twitter_card":"summary_large_image","twitter_misc":{"Dur\u00e9e de lecture estim\u00e9e":"3 minutes"},"schema":{"@context":"https:\/\/schema.org","@graph":[{"@type":"WebPage","@id":"https:\/\/towntown.ai\/?page_id=503","url":"https:\/\/towntown.ai\/?page_id=503","name":"Politique de confidentialit\u00e9 - TownTown.ai","isPartOf":{"@id":"https:\/\/towntown.ai\/#website"},"datePublished":"2025-02-06T14:48:00+00:00","dateModified":"2025-02-06T15:11:47+00:00","breadcrumb":{"@id":"https:\/\/towntown.ai\/?page_id=503#breadcrumb"},"inLanguage":"fr-FR","potentialAction":[{"@type":"ReadAction","target":["https:\/\/towntown.ai\/?page_id=503"]}]},{"@type":"BreadcrumbList","@id":"https:\/\/towntown.ai\/?page_id=503#breadcrumb","itemListElement":[{"@type":"ListItem","position":1,"name":"Accueil","item":"https:\/\/towntown.ai\/"},{"@type":"ListItem","position":2,"name":"Politique de confidentialit\u00e9"}]},{"@type":"WebSite","@id":"https:\/\/towntown.ai\/#website","url":"https:\/\/towntown.ai\/","name":"TownTown.ai","description":"","publisher":{"@id":"https:\/\/towntown.ai\/#organization"},"potentialAction":[{"@type":"SearchAction","target":{"@type":"EntryPoint","urlTemplate":"https:\/\/towntown.ai\/?s={search_term_string}"},"query-input":{"@type":"PropertyValueSpecification","valueRequired":true,"valueName":"search_term_string"}}],"inLanguage":"fr-FR"},{"@type":"Organization","@id":"https:\/\/towntown.ai\/#organization","name":"TownTown.ai","url":"https:\/\/towntown.ai\/","logo":{"@type":"ImageObject","inLanguage":"fr-FR","@id":"https:\/\/towntown.ai\/#\/schema\/logo\/image\/","url":"https:\/\/towntown.ai\/wp-content\/uploads\/2024\/12\/towntown-logo_HD.png","contentUrl":"https:\/\/towntown.ai\/wp-content\/uploads\/2024\/12\/towntown-logo_HD.png","width":975,"height":97,"caption":"TownTown.ai"},"image":{"@id":"https:\/\/towntown.ai\/#\/schema\/logo\/image\/"}}]}},"_links":{"self":[{"href":"https:\/\/towntown.ai\/index.php?rest_route=\/wp\/v2\/pages\/503","targetHints":{"allow":["GET"]}}],"collection":[{"href":"https:\/\/towntown.ai\/index.php?rest_route=\/wp\/v2\/pages"}],"about":[{"href":"https:\/\/towntown.ai\/index.php?rest_route=\/wp\/v2\/types\/page"}],"author":[{"embeddable":true,"href":"https:\/\/towntown.ai\/index.php?rest_route=\/wp\/v2\/users\/1"}],"replies":[{"embeddable":true,"href":"https:\/\/towntown.ai\/index.php?rest_route=%2Fwp%2Fv2%2Fcomments&post=503"}],"version-history":[{"count":10,"href":"https:\/\/towntown.ai\/index.php?rest_route=\/wp\/v2\/pages\/503\/revisions"}],"predecessor-version":[{"id":521,"href":"https:\/\/towntown.ai\/index.php?rest_route=\/wp\/v2\/pages\/503\/revisions\/521"}],"wp:attachment":[{"href":"https:\/\/towntown.ai\/index.php?rest_route=%2Fwp%2Fv2%2Fmedia&parent=503"}],"curies":[{"name":"wp","href":"https:\/\/api.w.org\/{rel}","templated":true}]}}